{"id":295,"date":"2021-02-05T20:13:57","date_gmt":"2021-02-05T19:13:57","guid":{"rendered":"https:\/\/eva-niemann.de\/?page_id=295"},"modified":"2026-03-29T22:04:33","modified_gmt":"2026-03-29T20:04:33","slug":"biografie","status":"publish","type":"page","link":"https:\/\/eva-niemann.de\/it\/biografie\/","title":{"rendered":"Biografie"},"content":{"rendered":"<div class=\"fusion-fullwidth fullwidth-box fusion-builder-row-1 nonhundred-percent-fullwidth non-hundred-percent-height-scrolling\" style=\"--awb-border-radius-top-left:0px;--awb-border-radius-top-right:0px;--awb-border-radius-bottom-right:0px;--awb-border-radius-bottom-left:0px;--awb-flex-wrap:wrap;\" ><div class=\"fusion-builder-row fusion-row\"><div class=\"fusion-layout-column fusion_builder_column fusion-builder-column-0 fusion_builder_column_1_1 1_1 fusion-one-full fusion-column-first fusion-column-last fusion-no-medium-visibility fusion-no-large-visibility\" style=\"--awb-bg-size:cover;\" data-scroll-devices=\"small-visibility,medium-visibility,large-visibility\"><div class=\"fusion-column-wrapper fusion-column-has-shadow fusion-flex-column-wrapper-legacy\"><div class=\"fusion-text fusion-text-1 fusion-no-large-visibility\"><h3>Eva Niemann<\/h3>\n<\/div><div class=\"fusion-clearfix\"><\/div><\/div><\/div><div class=\"fusion-layout-column fusion_builder_column fusion-builder-column-1 fusion_builder_column_1_5 1_5 fusion-one-fifth fusion-column-first\" style=\"--awb-bg-size:cover;--awb-margin-top:28px;width:20%;width:calc(20% - ( ( 4% ) * 0.2 ) );margin-right: 4%;\"><div class=\"fusion-column-wrapper fusion-column-has-shadow fusion-flex-column-wrapper-legacy\"><div class=\"fusion-image-element in-legacy-container\" style=\"--awb-max-width:1200px;--awb-caption-title-font-family:var(--h2_typography-font-family);--awb-caption-title-font-weight:var(--h2_typography-font-weight);--awb-caption-title-font-style:var(--h2_typography-font-style);--awb-caption-title-size:var(--h2_typography-font-size);--awb-caption-title-transform:var(--h2_typography-text-transform);--awb-caption-title-line-height:var(--h2_typography-line-height);--awb-caption-title-letter-spacing:var(--h2_typography-letter-spacing);\"><span class=\" fusion-imageframe imageframe-none imageframe-1 hover-type-none\"><a href=\"https:\/\/eva-niemann.de\/wp-content\/uploads\/2021\/08\/001a-Selbstportraet-klein.jpg\" class=\"fusion-lightbox\" data-rel=\"iLightbox[28a4eed24f8987de431]\" data-title=\"Selbst, zeichnend, Wien, 1982\" title=\"Selbst, zeichnend, Wien, 1982\"><img decoding=\"async\" width=\"400\" height=\"539\" src=\"https:\/\/eva-niemann.de\/wp-content\/uploads\/2021\/08\/001a-Selbstportraet-klein.jpg\" alt class=\"img-responsive wp-image-508\" srcset=\"https:\/\/eva-niemann.de\/wp-content\/uploads\/2021\/08\/001a-Selbstportraet-klein-200x270.jpg 200w, https:\/\/eva-niemann.de\/wp-content\/uploads\/2021\/08\/001a-Selbstportraet-klein.jpg 400w\" sizes=\"(max-width: 800px) 100vw, 400px\" \/><\/a><\/span><\/div><div class=\"fusion-sep-clear\"><\/div><div class=\"fusion-separator fusion-full-width-sep\" style=\"margin-left: auto;margin-right: auto;margin-top:40px;width:100%;\"><\/div><div class=\"fusion-sep-clear\"><\/div><div class=\"fusion-image-element in-legacy-container\" style=\"--awb-caption-title-font-family:var(--h2_typography-font-family);--awb-caption-title-font-weight:var(--h2_typography-font-weight);--awb-caption-title-font-style:var(--h2_typography-font-style);--awb-caption-title-size:var(--h2_typography-font-size);--awb-caption-title-transform:var(--h2_typography-text-transform);--awb-caption-title-line-height:var(--h2_typography-line-height);--awb-caption-title-letter-spacing:var(--h2_typography-letter-spacing);\"><span class=\" fusion-imageframe imageframe-none imageframe-2 hover-type-none\"><img decoding=\"async\" width=\"400\" height=\"600\" title=\"003 IMG_0260 Kopie\" src=\"https:\/\/eva-niemann.de\/wp-content\/uploads\/2021\/08\/003-IMG_0260-Kopie.jpg\" alt class=\"img-responsive wp-image-509\" srcset=\"https:\/\/eva-niemann.de\/wp-content\/uploads\/2021\/08\/003-IMG_0260-Kopie-200x300.jpg 200w, https:\/\/eva-niemann.de\/wp-content\/uploads\/2021\/08\/003-IMG_0260-Kopie.jpg 400w\" sizes=\"(max-width: 800px) 100vw, 400px\" \/><\/span><\/div><div class=\"fusion-sep-clear\"><\/div><div class=\"fusion-separator fusion-full-width-sep\" style=\"margin-left: auto;margin-right: auto;margin-top:40px;width:100%;\"><\/div><div class=\"fusion-sep-clear\"><\/div><div class=\"fusion-image-element in-legacy-container\" style=\"--awb-caption-title-font-family:var(--h2_typography-font-family);--awb-caption-title-font-weight:var(--h2_typography-font-weight);--awb-caption-title-font-style:var(--h2_typography-font-style);--awb-caption-title-size:var(--h2_typography-font-size);--awb-caption-title-transform:var(--h2_typography-text-transform);--awb-caption-title-line-height:var(--h2_typography-line-height);--awb-caption-title-letter-spacing:var(--h2_typography-letter-spacing);\"><span class=\" fusion-imageframe imageframe-none imageframe-3 hover-type-none\"><img decoding=\"async\" width=\"400\" height=\"533\" title=\"008 FIL9962\" src=\"https:\/\/eva-niemann.de\/wp-content\/uploads\/2021\/08\/008-FIL9962.jpg\" alt class=\"img-responsive wp-image-510\" srcset=\"https:\/\/eva-niemann.de\/wp-content\/uploads\/2021\/08\/008-FIL9962-200x267.jpg 200w, https:\/\/eva-niemann.de\/wp-content\/uploads\/2021\/08\/008-FIL9962.jpg 400w\" sizes=\"(max-width: 800px) 100vw, 400px\" \/><\/span><\/div><div class=\"fusion-sep-clear\"><\/div><div class=\"fusion-separator fusion-full-width-sep\" style=\"margin-left: auto;margin-right: auto;margin-top:40px;width:100%;\"><\/div><div class=\"fusion-sep-clear\"><\/div><div class=\"fusion-clearfix\"><\/div><\/div><\/div><div class=\"fusion-layout-column fusion_builder_column fusion-builder-column-2 fusion_builder_column_4_5 4_5 fusion-four-fifth fusion-column-last\" style=\"--awb-bg-size:cover;width:80%;width:calc(80% - ( ( 4% ) * 0.8 ) );\" data-scroll-devices=\"small-visibility,medium-visibility,large-visibility\"><div class=\"fusion-column-wrapper fusion-column-has-shadow fusion-flex-column-wrapper-legacy\"><div class=\"fusion-text fusion-text-2 fusion-no-small-visibility\" style=\"--awb-margin-top:22px;\"><h3>Eva Niemann<span class=\"Apple-converted-space\">\u00a0 \u00a0<\/span><\/h3>\n<\/div><div class=\"fusion-sep-clear\"><\/div><div class=\"fusion-separator fusion-full-width-sep\" style=\"margin-left: auto;margin-right: auto;margin-top:10px;width:100%;\"><\/div><div class=\"fusion-sep-clear\"><\/div>\n<div class=\"table-2\">\n<table>\n<tbody>\n<tr>\n<td align=\"left\">1958<\/td>\n<td align=\"left\">in Hagen (Westfalen) geboren<\/td>\n<\/tr>\n<tr>\n<td align=\"left\">ab 1970<\/td>\n<td align=\"left\">Beginn mit fig\u00fcrlicher Malerei, Zeichnungen und Monotypien<\/td>\n<\/tr>\n<tr>\n<td align=\"left\">1978 &#8211; 81<\/td>\n<td align=\"left\">Studium der Kunstgeschichte an der FU Berlin<\/td>\n<\/tr>\n<tr>\n<td align=\"left\">1981 &#8211; 87<\/td>\n<td align=\"left\">Studium der Malerei an der Hochschule der K\u00fcnste, Berlin<\/td>\n<\/tr>\n<tr>\n<td align=\"left\">1983 &#8211; 84<\/td>\n<td align=\"left\">Studienaufenthalt in Urbino, Italien<\/td>\n<\/tr>\n<tr>\n<td align=\"left\">ab 1983<\/td>\n<td align=\"left\">Hinwendung zur Farbe als Thema der Malerei<\/td>\n<\/tr>\n<tr>\n<td align=\"left\">1986<\/td>\n<td align=\"left\">Meistersch\u00fclerin bei Prof. Hermann Bachmann<\/td>\n<\/tr>\n<tr>\n<td align=\"left\">ab 1987<\/td>\n<td align=\"left\">freischaffend, in Erg\u00e4nzung zur Malerei: Malerb\u00fccher und statische Objekte<\/td>\n<\/tr>\n<tr>\n<td align=\"left\">1990<\/td>\n<td align=\"left\">Stipendium \u201eVilla Serpentara\u201c der Akademie der K\u00fcnste in Ol\u00e9vano Romano, Italien<\/td>\n<\/tr>\n<tr>\n<td align=\"left\">1991 &#8211; 93<\/td>\n<td align=\"left\">Atelierstipendiatin der Karl-Hofer-Gesellschaft<\/td>\n<\/tr>\n<tr>\n<td align=\"left\">1991 &#8211; 93<\/td>\n<td align=\"left\">K\u00fcnstlerprojekt Dresden-Berlin, \u201ekARTOFFel\u201c, gemeinsames Projekt bildender K\u00fcnstler mit Schriftstellern und Musikern aus Ost- und West, Arbeitsaufenthalte in Dresden<\/td>\n<\/tr>\n<tr>\n<td align=\"left\">ab 1992<\/td>\n<td align=\"left\">parallel zur Malerei: Arbeit an (Klang-) Objekten<\/td>\n<\/tr>\n<tr>\n<td align=\"left\">1992<\/td>\n<td align=\"left\">Arbeitsstipendium der K\u00fcnstlerinnenf\u00f6rderung der Senatsverwaltung f\u00fcr Kultur, Berlin<\/td>\n<\/tr>\n<tr>\n<td align=\"left\">1996<\/td>\n<td align=\"left\">Stipendium im K\u00fcnstlerhaus Lukas, Ahrenshoop<\/td>\n<\/tr>\n<tr>\n<td align=\"left\">1997 &#8211; 99<\/td>\n<td align=\"left\">Projekt \u201econ-sequenzen\u201c, Malerei und (Klang-) Objekte<\/td>\n<\/tr>\n<tr>\n<td align=\"left\">1998<\/td>\n<td align=\"left\">Arbeitsstipendium in der \u201eVilla Rossa\u201c, Agnedo, Italien<\/td>\n<\/tr>\n<tr>\n<td align=\"left\">1998 &#8211;<br \/>\n2000<\/td>\n<td align=\"left\">Ausbildung in Freskomalerei bei Kirchbauhof, Berlin<\/td>\n<\/tr>\n<tr>\n<td align=\"left\">2000<\/td>\n<td align=\"left\">Fresko-Wandfries im Rathaus Friedenau, Berlin<\/td>\n<\/tr>\n<tr>\n<td align=\"left\">2003 &#8211; 04<\/td>\n<td align=\"left\">Lehrauftrag f\u00fcr Farbe im K\u00fcnstlerischen Grundlagenstudium an der\u00a0Kunsthochschule Berlin-Wei\u00dfensee<\/td>\n<\/tr>\n<tr>\n<td align=\"left\">2004<\/td>\n<td align=\"left\">Gastdozentin f\u00fcr Farbe, ebendort<\/td>\n<\/tr>\n<tr>\n<td align=\"left\">2004 &#8211; 06<\/td>\n<td align=\"left\">Gastprofessur f\u00fcr Bild-Farbe-Sprache, ebendort<\/td>\n<\/tr>\n<tr>\n<td align=\"left\">2009<\/td>\n<td align=\"left\">Workshop-Stipendium mit dem K\u00fcnstlerprojekt Dresden-Berlin im K\u00fcnstlerhaus\u00a0Lukas, Ahrenshoop, gef\u00f6rdert durch das Land Mecklenburg-Vorpommern<\/td>\n<\/tr>\n<tr>\n<td align=\"left\">2013 &#8211; 15<\/td>\n<td align=\"left\">Gastprofessur f\u00fcr Farbe-Licht-Raum an der Burg Giebichenstein, Kunsthochschule Halle<\/td>\n<\/tr>\n<tr>\n<td align=\"left\">2017 &#8211; 20<\/td>\n<td align=\"left\">Akademische Mitarbeiterin f\u00fcr Farbe an der Fachhochschule Potsdam<\/td>\n<\/tr>\n<tr>\n<td align=\"left\">ab 2021<\/td>\n<td align=\"left\">\u201eMit Brief und Siegel\u201c, Mail Art Projekt mit der Dresdner Bildhauerin Eva Backofen<\/td>\n<\/tr>\n<tr>\n<td align=\"left\">2021<\/td>\n<td align=\"left\">F\u00f6rderstipendium der Stiftung Kulturwerk, VG Bild-Kunst<\/td>\n<\/tr>\n<tr>\n<td align=\"left\">2024<\/td>\n<td align=\"left\">\u201eDie Nadel und der Heuhaufen \u2013 Fragen zur Bildwahrnehmung\u201c, in \u201eReden \u00fcberKunst\u201c, Textband zum gleichnamigen Symposium, Hrsg. Galerie Parterre und Berliner Kabinett e. V., Berlin 2024<\/td>\n<\/tr>\n<\/tbody>\n<\/table>\n<\/div>\n<div class=\"fusion-clearfix\"><\/div><\/div><\/div><div class=\"fusion-layout-column fusion_builder_column fusion-builder-column-3 fusion_builder_column_1_1 1_1 fusion-one-full fusion-column-first fusion-column-last\" style=\"--awb-bg-size:cover;\"><div class=\"fusion-column-wrapper fusion-column-has-shadow fusion-flex-column-wrapper-legacy\"><div class=\"fusion-sep-clear\"><\/div><div class=\"fusion-separator fusion-full-width-sep\" style=\"margin-left: auto;margin-right: auto;margin-top:25px;width:100%;\"><\/div><div class=\"fusion-sep-clear\"><\/div><div class=\"fusion-text fusion-text-3\"><h3>Einzelausstellungen (Auswahl)<span class=\"Apple-converted-space\">\u00a0 \u00a0<\/span><\/h3>\n<\/div><div class=\"fusion-sep-clear\"><\/div><div class=\"fusion-separator fusion-full-width-sep\" style=\"margin-left: auto;margin-right: auto;margin-top:10px;width:100%;\"><\/div><div class=\"fusion-sep-clear\"><\/div>\n<div class=\"table-2\">\n<table width=\"100%\">\n<tbody>\n<tr>\n<td align=\"left\">2023<\/td>\n<td align=\"left\">\u201eKontraste und Nuancen\u201c, Heilandskirche, Berlin-Tiergarten (Malerei und B\u00fccher)<br \/>\n\u201eZwischenzonen\u201c, Malerei und Klangobjekte, Galerie BLACKBOX, Hirschburg<\/td>\n<\/tr>\n<tr>\n<td align=\"left\">2021\/22<\/td>\n<td align=\"left\">\u201eDrei Maler:innen in Berlin\u201c, mit Volker Henze u. Bernhard Leue, Galerie Parterre (K)<\/td>\n<\/tr>\n<tr>\n<td align=\"left\">2021<\/td>\n<td align=\"left\">anstehend: \u201eDrei Maler in Berlin\u201c, mit Volker Henze und Bernhard Leue, Galerie Parterre,\u00a0Berlin (K)<\/td>\n<\/tr>\n<tr>\n<td align=\"left\">2019<\/td>\n<td align=\"left\">\u201edreimal Farbe\u201c, mit Sigrun Paulsen und J\u00f6rg-Uwe Jacob, Galerie Forum Amalienpark,\u00a0Berlin<\/td>\n<\/tr>\n<tr>\n<td align=\"left\">2019<\/td>\n<td align=\"left\">Malerei und Zeichnungen, Galerie Himmelreich, Magdeburg<\/td>\n<\/tr>\n<tr>\n<td align=\"left\">2018<\/td>\n<td align=\"left\">Malerei , Zeichnungen und Klangobjekte, Burg Klempenow, Mecklenburg<\/td>\n<\/tr>\n<tr>\n<td align=\"left\">2016<\/td>\n<td align=\"left\">Malerei und Objekte, mit Arbeiten ihres Lehrers Hermann Bachmann, Galerie Pohl, Berlin<\/td>\n<\/tr>\n<tr>\n<td align=\"left\">2016<\/td>\n<td align=\"left\">\u201eDoppelkopp\u201c, Black Box Galerie, mit Friedrich B. Henkel, Skulpturen, Hirschburg<\/td>\n<\/tr>\n<tr>\n<td align=\"left\">2015<\/td>\n<td align=\"left\">\u201eFarbRaumBilder\u201c, mit Friedhelm Falke, D\u00f6rken-Galerie, Herdecke<\/td>\n<\/tr>\n<tr>\n<td align=\"left\">2015<\/td>\n<td align=\"left\">\u201eDuett\u201c, Kunstverein Wernigerode, mit Eva Backofen, Plastiken, Wernigerode<\/td>\n<\/tr>\n<tr>\n<td align=\"left\">2013<\/td>\n<td align=\"left\">Schul- und Bethaus, Alt -Langsow (Malerei, Buch- und Klangobjekte)<\/td>\n<\/tr>\n<tr>\n<td align=\"left\">2009<\/td>\n<td align=\"left\">Kunstverein Wasserm\u00fchle, Lohne\/Oldenburg (Malerei und Buch-Objekte)<\/td>\n<\/tr>\n<tr>\n<td align=\"left\">2009<\/td>\n<td align=\"left\">\u201eFarbwege\u201c, Kunstverein Hagenring, Hagen (Malerei und Buch- Objekte)<\/td>\n<\/tr>\n<tr>\n<td align=\"left\">2005<\/td>\n<td align=\"left\">Galerie Mitte, Berlin (Malerei)<\/td>\n<\/tr>\n<tr>\n<td align=\"left\">2004<\/td>\n<td align=\"left\">\u201erote Kl\u00e4nge\u201c, Rotprojekt, Galerie am Alaunplatz, Dresden (Malerei und Klangobjekt)<\/td>\n<\/tr>\n<tr>\n<td align=\"left\">2003<\/td>\n<td align=\"left\">Galerie Meinhold, Berlin, mit Daniela Pukropski und Susanne Ruoff (Malerei)<\/td>\n<\/tr>\n<tr>\n<td align=\"left\">2001<\/td>\n<td align=\"left\">Galerie im Turm, Berlin (Malerei und Klangobjekt)<\/td>\n<\/tr>\n<tr>\n<td align=\"left\">1999<\/td>\n<td align=\"left\">\u201econ-sequenzen III\u201c, 4 K\u00fcnstlerinnen, Bahnhof Westend (Malerei und Klangobjekte)<\/td>\n<\/tr>\n<tr>\n<td align=\"left\">1998<\/td>\n<td align=\"left\">\u201eFarbzonen\u201c, Galerie Linneborn, Berlin (Malerei)<\/td>\n<\/tr>\n<tr>\n<td align=\"left\">1998<\/td>\n<td align=\"left\">\u201econ-sequenzen II\u201c, mit Christiane Conrad, Galerie Kunstraum, Hagen (Malerei und\u00a0Klangobjekte)<\/td>\n<\/tr>\n<tr>\n<td align=\"left\">1997<\/td>\n<td align=\"left\">\u201econ-sequenzen I\u201c, mit Christiane Conrad, studio bildende kunst, Berlin (Malerei und\u00a0Klangobjekte)<\/td>\n<\/tr>\n<tr>\n<td align=\"left\">1997<\/td>\n<td align=\"left\">\u201eFarbe und Klang\u201c, mit Christiane Just und Simone Zeidler, Galerie Adlergasse und Kulturrathaus, Dresden (Malerei und Klangobjekte)<\/td>\n<\/tr>\n<tr>\n<td align=\"left\">1994<\/td>\n<td align=\"left\">Galerie Blaue Fabrik, Dresden, (Malerei und Klangobjekte)<\/td>\n<\/tr>\n<tr>\n<td align=\"left\">1994<\/td>\n<td align=\"left\">Galerie Kunstraum, Hagen (Malerei und Buch-Objekte)<\/td>\n<\/tr>\n<tr>\n<td align=\"left\">1993<\/td>\n<td align=\"left\">Petrus-Kirche, Berlin -Lichterfelde (Malerei)<\/td>\n<\/tr>\n<tr>\n<td align=\"left\">1992<\/td>\n<td align=\"left\">Institut f\u00fcr neue Musik (Malerei und B\u00fccher)<\/td>\n<\/tr>\n<tr>\n<td align=\"left\">1987<\/td>\n<td align=\"left\">enschaftskolleg zu Berlin (Malerei und Zeichnungen<\/td>\n<\/tr>\n<\/tbody>\n<\/table>\n<\/div>\n<div class=\"fusion-clearfix\"><\/div><\/div><\/div><div class=\"fusion-layout-column fusion_builder_column fusion-builder-column-4 fusion_builder_column_1_1 1_1 fusion-one-full fusion-column-first fusion-column-last\" style=\"--awb-bg-size:cover;\"><div class=\"fusion-column-wrapper fusion-column-has-shadow fusion-flex-column-wrapper-legacy\"><div class=\"fusion-sep-clear\"><\/div><div class=\"fusion-separator fusion-full-width-sep\" style=\"margin-left: auto;margin-right: auto;margin-top:25px;width:100%;\"><\/div><div class=\"fusion-sep-clear\"><\/div><div class=\"fusion-text fusion-text-4\"><h3>Ausstellungsbeteiligungen (Auswahl) <span class=\"Apple-converted-space\">\u00a0 \u00a0<\/span><\/h3>\n<\/div><div class=\"fusion-sep-clear\"><\/div><div class=\"fusion-separator fusion-full-width-sep\" style=\"margin-left: auto;margin-right: auto;margin-top:10px;width:100%;\"><\/div><div class=\"fusion-sep-clear\"><\/div>\n<div class=\"table-2\">\n<table width=\"100%\">\n<tbody>\n<tr>\n<td align=\"left\">2026<\/td>\n<td align=\"left\">\u201eLa mer&#8221;, Black Box Galerie, Hirschburg<\/td>\n<\/tr>\n<tr>\n<td align=\"left\">2026<\/td>\n<td align=\"left\">\u201eAbenteuer Farbe\u201c, M\u00e4rkisches Museum Witten<\/td>\n<\/tr>\n<tr>\n<td align=\"left\">2024<\/td>\n<td align=\"left\">\u201eFarbenReich\u201c, Werke aus der Sammlung, Dr. Cal D\u00f6rken Galerie, Herdecke<\/td>\n<\/tr>\n<tr>\n<td align=\"left\">2023<\/td>\n<td align=\"left\">Von Blatt zu Blatt\u201c, Wege der Zeichnung, GalerieParterre, Kunstsammlung Pankow, Berlin<\/td>\n<\/tr>\n<tr>\n<td align=\"left\">2022<\/td>\n<td align=\"left\">\u201eRuE 66, Lutz Fleischers Gedenkausstellung\u201c, Galerie Runde Ecke, Dresden (K)<\/td>\n<\/tr>\n<tr>\n<td align=\"left\">2022<\/td>\n<td align=\"left\">\u201eInspiration K\u00e4the Kollwitz\u201c Hommage zum 155. Geburtstag, Maigalerie, Berlin (K)<\/td>\n<\/tr>\n<tr>\n<td align=\"left\">2022<\/td>\n<td align=\"left\">\u201eGabelbissen\u201c, Galerie BLACKBOX, Hirschburg<\/td>\n<\/tr>\n<tr>\n<td align=\"left\">2021<\/td>\n<td align=\"left\">\u201eIm Kosmos der Farben\u201c, 10 Jahre Dr. Cal D\u00f6rken Galerie, Herdecke (K)<\/td>\n<\/tr>\n<tr>\n<td align=\"left\">2018<\/td>\n<td align=\"left\">\u201etransit \u2013 morbide collection II\u201c, alte feuerwache, projektraum, Berlin (K)<\/td>\n<\/tr>\n<tr>\n<td align=\"left\">2017<\/td>\n<td align=\"left\">\u201ePapier und Stahl\u201c, Bilderleben II, Hommage an Hermann Wiesler, Baumhaus Wismar<\/td>\n<\/tr>\n<tr>\n<td align=\"left\">2016<\/td>\n<td align=\"left\">\u201eGriffelkunst\u201c, Black Box Galerie, Hirschburg<\/td>\n<\/tr>\n<tr>\n<td align=\"left\">2015<\/td>\n<td align=\"left\">\u201eausgezeichnet\u201c, Galerie Alte Schule, Berlin-Adlershof<\/td>\n<\/tr>\n<tr>\n<td align=\"left\">2013<\/td>\n<td align=\"left\">\u201ePommes Fritz\u201c, Galerie Alte Schule, Berlin Adlershof<\/td>\n<\/tr>\n<tr>\n<td align=\"left\">2012<\/td>\n<td align=\"left\">\u201eZwischenspiel\u201c, Galerie Parterre, Berlin<\/td>\n<\/tr>\n<tr>\n<td align=\"left\">2010<\/td>\n<td align=\"left\">Hommage an Volkmar Strauch, mit Daniela Pukropski, Susanne Ruoff und Michael Otto,<span class=\"Apple-converted-space\">\u00a0<\/span>Galerie des Deutschen Werkbundes, Berlin<\/td>\n<\/tr>\n<tr>\n<td align=\"left\">2010<\/td>\n<td align=\"left\">\u201ePositionen gemalt\u201c, Auswahl der Stipendiaten des<span class=\"Apple-converted-space\">\u00a0 <\/span>K\u00fcnstlerhauses Lukas,<span class=\"Apple-converted-space\">\u00a0<\/span>Neues Kunsthaus Ahrenshoop<\/td>\n<\/tr>\n<tr>\n<td align=\"left\">2008<\/td>\n<td align=\"left\"><span class=\"Apple-converted-space\">\u00a0<\/span>\u201eSelbstportr\u00e4ts\u201c, 30 Jahre Galerie Mitte, Berlin (K)<\/td>\n<\/tr>\n<tr>\n<td align=\"left\">2007<\/td>\n<td align=\"left\">\u201eZeichnungen X\u201c, Galerie im Turm, Berlin<span class=\"Apple-converted-space\">\u00a0<\/span><\/td>\n<\/tr>\n<tr>\n<td align=\"left\">2005<\/td>\n<td align=\"left\">\u201eDie Farbe Rot\u201c, Galerie Forum Amalienpark, Berlin<\/td>\n<\/tr>\n<tr>\n<td align=\"left\">2004<\/td>\n<td align=\"left\">\u201eDas Rauschen der Zeit\u201c, Zeichnungen, Galerie Bernau<\/td>\n<\/tr>\n<tr>\n<td align=\"left\">2004<\/td>\n<td align=\"left\">Hagener K\u00fcnstler, Karl Ernst Osthaus-Museum, Hagen, auch 1994, 1996, 1998 und 2000 (K)<\/td>\n<\/tr>\n<tr>\n<td align=\"left\">2002<\/td>\n<td align=\"left\">Hommage an Hermann Wiesler, M\u00e4rkisches Museum, Berlin (K)<\/td>\n<\/tr>\n<tr>\n<td align=\"left\">2001<\/td>\n<td align=\"left\">\u201eZyklen und Objekte\u201c, Villa Oppenheim, Berlin<span class=\"Apple-converted-space\">\u00a0<\/span><\/td>\n<\/tr>\n<tr>\n<td align=\"left\">2000<\/td>\n<td align=\"left\">\u201eund das ist alles ernst\u201c, Arbeiten zu Johannes Bobrowski, Neues Kunsthaus Ahrenshoop, 2001 Kaliningrad (Russland), 2002: Olstyn (Polen), Klaipedos-Galeria (Litauen) (K)<\/td>\n<\/tr>\n<tr>\n<td align=\"left\">1998<\/td>\n<td align=\"left\">\u201ePer Piero Della Francesca\u201c, Sansepolcro, Mantua, Mailand (K)<\/td>\n<\/tr>\n<tr>\n<td align=\"left\">1997<\/td>\n<td align=\"left\">\u201eIn Rilievo\u201c, Holzdrucke italienischer und deutscher K\u00fcnstler, Codogno, I (K)<\/td>\n<\/tr>\n<tr>\n<td align=\"left\">1997<\/td>\n<td align=\"left\">\u201eAn der Wand\u201c, Kunsthaus Dortmund<\/td>\n<\/tr>\n<tr>\n<td align=\"left\">1996<\/td>\n<td align=\"left\">\u201eMetropoli\u201c, Mail\u00e4nder und Berliner K\u00fcnstler, Rocca Di Lacchiarella, Mailand (K)<\/td>\n<\/tr>\n<tr>\n<td align=\"left\">1995<\/td>\n<td align=\"left\">\u201eOrtswechsel\u201c, Galerie Stefan Rasche, M\u00fcnster<\/td>\n<\/tr>\n<tr>\n<td align=\"left\">1993<\/td>\n<td align=\"left\">9 Positionen Berliner K\u00fcnstler, Technisches Nationalmuseum, Prag (K)<\/td>\n<\/tr>\n<tr>\n<td align=\"left\">1993<\/td>\n<td align=\"left\">\u201eGelb\u201c, Galerie Blaue Fabrik, Dresden<\/td>\n<\/tr>\n<tr>\n<td align=\"left\">1993<\/td>\n<td align=\"left\">Karl-Hofer-Stipendiaten, Haus am L\u00fctzowplatz, Berlin (K)<\/td>\n<\/tr>\n<tr>\n<td align=\"left\">1993<\/td>\n<td align=\"left\">\u201eEva\u201c, vier K\u00fcnstlerinnen, Oslo-Berlin-Dresden, Galerie Blaue Fabrik, Dresden (K)<\/td>\n<\/tr>\n<tr>\n<td align=\"left\">1992<\/td>\n<td align=\"left\">\u201eIn der Schwebe\u201c, 8 Stipendiaten der Karl-Hofer-Gesellschaft, NBK, Berlin (K)<\/td>\n<\/tr>\n<tr>\n<td align=\"left\">1992<\/td>\n<td align=\"left\">\u201eBlau\u201c, Er\u00f6ffnungsausstellung der Galerie Blaue Fabrik, Dresden<\/td>\n<\/tr>\n<tr>\n<td align=\"left\">1992<\/td>\n<td align=\"left\">Karl-Hofer-Stipendiaten, Kunstforum der Grundkreditbank, Berlin(K)<\/td>\n<\/tr>\n<tr>\n<td align=\"left\">1991-93<\/td>\n<td align=\"left\">vier Ausstellungskomplexe mit dem K\u00fcnstlerprojekt \u201ekARTOFFel\u201c Dresden-Berlin:<span class=\"Apple-converted-space\">\u00a0<\/span>Galerie Adlergasse, Dresden, Weekend-Gallery, Berlin, Galerie R\u00e4hnitzgasse Dresden,<span class=\"Apple-converted-space\">\u00a0<\/span>Haus am L\u00fctzowplatz, Berlin (K 1-3)<\/td>\n<\/tr>\n<tr>\n<td align=\"left\">1983<\/td>\n<td align=\"left\">\u201eJunge Hagener Kunst\u201c, Karl Ernst Osthaus-Museum, Hagen (K)<span class=\"Apple-converted-space\">\u00a0<\/span><\/td>\n<\/tr>\n<\/tbody>\n<\/table>\n<\/div>\n<div class=\"fusion-clearfix\"><\/div><\/div><\/div><div class=\"fusion-layout-column fusion_builder_column fusion-builder-column-5 fusion_builder_column_1_1 1_1 fusion-one-full fusion-column-first fusion-column-last\" style=\"--awb-bg-size:cover;\"><div class=\"fusion-column-wrapper fusion-column-has-shadow fusion-flex-column-wrapper-legacy\"><div class=\"fusion-sep-clear\"><\/div><div class=\"fusion-separator fusion-full-width-sep\" style=\"margin-left: auto;margin-right: auto;margin-top:25px;width:100%;\"><\/div><div class=\"fusion-sep-clear\"><\/div><div class=\"fusion-text fusion-text-5\"><h3>Werke in \u00f6ffentlichen Sammlungen<\/h3>\n<\/div><div class=\"fusion-sep-clear\"><\/div><div class=\"fusion-separator fusion-full-width-sep\" style=\"margin-left: auto;margin-right: auto;margin-top:10px;width:100%;\"><\/div><div class=\"fusion-sep-clear\"><\/div><div class=\"fusion-text fusion-text-6\"><p><span class=\"dig-1hicw9p1_5-0-0 dig-1hicw9p0_5-0-0 dig-ekabin0_5-0-0 dig-Theme-vis2023 dig-Theme-vis2023--dark dig-Mode--dark In-Theme-Provider\">Herzogin Anna Amalia Bibliothek, Klassik Stiftung, Weimar;Osthaus Museum, Hagen; Werner Richard -Dr. Carl D\u00f6rken Sammlung Farbe als Farbe, Herdecke; Kupferstichkabinett der Staatlichen Museen zuBerlin; M\u00e4rkisches Museum, Berlin; Museo Civico d \u0301Arte, Olevano Romano, Italien; Artothek Moskau; Artothek des NBK; Kunstsammlung Pankow, Berlin<\/span><\/p>\n<\/div><div class=\"fusion-clearfix\"><\/div><\/div><\/div><\/div><\/div>\n","protected":false},"excerpt":{"rendered":"","protected":false},"author":2,"featured_media":0,"parent":0,"menu_order":0,"comment_status":"closed","ping_status":"closed","template":"","meta":{"footnotes":""},"class_list":["post-295","page","type-page","status-publish","hentry"],"translation":{"provider":"WPGlobus","version":"3.0.2","language":"it","enabled_languages":["de","en","it"],"languages":{"de":{"title":true,"content":true,"excerpt":false},"en":{"title":true,"content":true,"excerpt":false},"it":{"title":false,"content":false,"excerpt":false}}},"_links":{"self":[{"href":"https:\/\/eva-niemann.de\/it\/wp-json\/wp\/v2\/pages\/295","targetHints":{"allow":["GET"]}}],"collection":[{"href":"https:\/\/eva-niemann.de\/it\/wp-json\/wp\/v2\/pages"}],"about":[{"href":"https:\/\/eva-niemann.de\/it\/wp-json\/wp\/v2\/types\/page"}],"author":[{"embeddable":true,"href":"https:\/\/eva-niemann.de\/it\/wp-json\/wp\/v2\/users\/2"}],"replies":[{"embeddable":true,"href":"https:\/\/eva-niemann.de\/it\/wp-json\/wp\/v2\/comments?post=295"}],"version-history":[{"count":128,"href":"https:\/\/eva-niemann.de\/it\/wp-json\/wp\/v2\/pages\/295\/revisions"}],"predecessor-version":[{"id":1086,"href":"https:\/\/eva-niemann.de\/it\/wp-json\/wp\/v2\/pages\/295\/revisions\/1086"}],"wp:attachment":[{"href":"https:\/\/eva-niemann.de\/it\/wp-json\/wp\/v2\/media?parent=295"}],"curies":[{"name":"wp","href":"https:\/\/api.w.org\/{rel}","templated":true}]}}